{"id":149,"date":"2024-05-31T07:29:15","date_gmt":"2024-05-31T07:29:15","guid":{"rendered":"https:\/\/deltacol.cz\/?page_id=149"},"modified":"2024-06-01T18:45:59","modified_gmt":"2024-06-01T18:45:59","slug":"kudy-k-nam","status":"publish","type":"page","link":"https:\/\/deltacol.cz\/?page_id=149","title":{"rendered":"Kudy k n\u00e1m"},"content":{"rendered":"\n<p>Na\u0161e spole\u010dnost s\u00eddl\u00ed v Litovli v are\u00e1lu spole\u010dnosti SEV. Skv\u011bl\u00e1 dostupnost je zaji\u0161t\u011bna bl\u00edzkost\u00ed d\u00e1lnice ve sm\u011bru Olomouc &lt;-> Mohelnice<\/p>\n\n\n\n<p> <iframe loading=\"lazy\" style=\"border:none\" src=\"https:\/\/frame.mapy.cz\/s\/gorocolahu\" width=\"700\" height=\"466\" frameborder=\"0\"><\/iframe> <\/p>\n","protected":false},"excerpt":{"rendered":"<p>Na\u0161e spole\u010dnost s\u00eddl\u00ed v Litovli v are\u00e1lu spole\u010dnosti SEV. Skv\u011bl\u00e1 dostupnost je zaji\u0161t\u011bna bl\u00edzkost\u00ed d\u00e1lnice ve sm\u011bru Olomouc &lt;-> Mohelnice<\/p>\n","protected":false},"author":1,"featured_media":186,"parent":0,"menu_order":0,"comment_status":"closed","ping_status":"closed","template":"","meta":{"footnotes":""},"class_list":["post-149","page","type-page","status-publish","has-post-thumbnail","hentry"],"_links":{"self":[{"href":"https:\/\/deltacol.cz\/index.php?rest_route=\/wp\/v2\/pages\/149","targetHints":{"allow":["GET"]}}],"collection":[{"href":"https:\/\/deltacol.cz\/index.php?rest_route=\/wp\/v2\/pages"}],"about":[{"href":"https:\/\/deltacol.cz\/index.php?rest_route=\/wp\/v2\/types\/page"}],"author":[{"embeddable":true,"href":"https:\/\/deltacol.cz\/index.php?rest_route=\/wp\/v2\/users\/1"}],"replies":[{"embeddable":true,"href":"https:\/\/deltacol.cz\/index.php?rest_route=%2Fwp%2Fv2%2Fcomments&post=149"}],"version-history":[{"count":3,"href":"https:\/\/deltacol.cz\/index.php?rest_route=\/wp\/v2\/pages\/149\/revisions"}],"predecessor-version":[{"id":155,"href":"https:\/\/deltacol.cz\/index.php?rest_route=\/wp\/v2\/pages\/149\/revisions\/155"}],"wp:featuredmedia":[{"embeddable":true,"href":"https:\/\/deltacol.cz\/index.php?rest_route=\/wp\/v2\/media\/186"}],"wp:attachment":[{"href":"https:\/\/deltacol.cz\/index.php?rest_route=%2Fwp%2Fv2%2Fmedia&parent=149"}],"curies":[{"name":"wp","href":"https:\/\/api.w.org\/{rel}","templated":true}]}}