{"id":156,"date":"2024-05-31T19:14:32","date_gmt":"2024-05-31T19:14:32","guid":{"rendered":"https:\/\/deltacol.cz\/?page_id=156"},"modified":"2024-06-01T18:41:00","modified_gmt":"2024-06-01T18:41:00","slug":"kvalita","status":"publish","type":"page","link":"https:\/\/deltacol.cz\/?page_id=156","title":{"rendered":"Kvalita"},"content":{"rendered":"\n<p>Na\u0161\u00edm prvo\u0159ad\u00fdm c\u00edlem je spokojenost z\u00e1kazn\u00edka a 100% kvalita\u00a0proveden\u00e9 povrchov\u00e9 \u00fapravy\u200b.<\/p>\n\n\n\n<h2 class=\"wp-block-heading\"><strong>Disponujeme znalostmi, zku\u0161enostmi a prost\u0159edky pro kvalitn\u00ed v\u00fdrobu a\u00a0kontrolu<\/strong>\u200b<\/h2>\n\n\n\n<ul class=\"wp-block-list\">\n<li>Jsme dr\u017eiteli certifik\u00e1t\u016f syst\u00e9mu managementu dle\u00a0<strong>IATF 16949<\/strong>,<strong>\u00a0ISO 14001\u00a0<\/strong>a<strong>\u00a0ISO 50001<\/strong><\/li>\n\n\n\n<li>M\u011b\u0159en\u00ed galvanick\u00fdch vrstev prov\u00e1d\u00edme na rentgenov\u00e9m za\u0159\u00edzen\u00ed\u00a0FISCHERSCOPE X-Ray\u00a0XDL-5\u00a0XymZ\u200b<\/li>\n\n\n\n<li>Disponujeme pln\u011b vybavenou laborato\u0159\u00ed pro kvantitativn\u00ed a kvalitativn\u00ed anal\u00fdzu funk\u010dn\u00edch l\u00e1zn\u00ed\u200b<\/li>\n\n\n\n<li>Korozn\u00ed odolnost povrchov\u00fdch \u00faprav ov\u011b\u0159ujeme v laborato\u0159i mate\u0159sk\u00e9 spole\u010dnosti pomoc\u00ed\u00a0soln\u00fdch komor HSN 400, SC 450 a\u00a0Labimex\u00a0Q FOG CRH\u200b<\/li>\n\n\n\n<li>Zaji\u0161\u0165ujeme si vlastn\u00ed n\u00e1vrh a v\u00fdrobu z\u00e1v\u011bsov\u00e9 techniky v\u010detn\u011b ochrann\u00e9ho\u00a0poplastov\u00e1n\u00ed\u200b<\/li>\n<\/ul>\n","protected":false},"excerpt":{"rendered":"<p>Na\u0161\u00edm prvo\u0159ad\u00fdm c\u00edlem je spokojenost z\u00e1kazn\u00edka a 100% kvalita\u00a0proveden\u00e9 povrchov\u00e9 \u00fapravy\u200b. Disponujeme znalostmi, zku\u0161enostmi a prost\u0159edky pro kvalitn\u00ed v\u00fdrobu a\u00a0kontrolu\u200b<\/p>\n","protected":false},"author":1,"featured_media":184,"parent":0,"menu_order":0,"comment_status":"closed","ping_status":"closed","template":"","meta":{"footnotes":""},"class_list":["post-156","page","type-page","status-publish","has-post-thumbnail","hentry"],"_links":{"self":[{"href":"https:\/\/deltacol.cz\/index.php?rest_route=\/wp\/v2\/pages\/156","targetHints":{"allow":["GET"]}}],"collection":[{"href":"https:\/\/deltacol.cz\/index.php?rest_route=\/wp\/v2\/pages"}],"about":[{"href":"https:\/\/deltacol.cz\/index.php?rest_route=\/wp\/v2\/types\/page"}],"author":[{"embeddable":true,"href":"https:\/\/deltacol.cz\/index.php?rest_route=\/wp\/v2\/users\/1"}],"replies":[{"embeddable":true,"href":"https:\/\/deltacol.cz\/index.php?rest_route=%2Fwp%2Fv2%2Fcomments&post=156"}],"version-history":[{"count":4,"href":"https:\/\/deltacol.cz\/index.php?rest_route=\/wp\/v2\/pages\/156\/revisions"}],"predecessor-version":[{"id":208,"href":"https:\/\/deltacol.cz\/index.php?rest_route=\/wp\/v2\/pages\/156\/revisions\/208"}],"wp:featuredmedia":[{"embeddable":true,"href":"https:\/\/deltacol.cz\/index.php?rest_route=\/wp\/v2\/media\/184"}],"wp:attachment":[{"href":"https:\/\/deltacol.cz\/index.php?rest_route=%2Fwp%2Fv2%2Fmedia&parent=156"}],"curies":[{"name":"wp","href":"https:\/\/api.w.org\/{rel}","templated":true}]}}